{"id":4734,"date":"2026-03-31T10:12:01","date_gmt":"2026-03-31T10:12:01","guid":{"rendered":"https:\/\/www.svolta.ch\/?page_id=4734"},"modified":"2026-04-01T16:36:45","modified_gmt":"2026-04-01T16:36:45","slug":"expertise-publikationen","status":"publish","type":"page","link":"https:\/\/www.svolta.ch\/en\/expertise-publikationen\/","title":{"rendered":"Expertise &#038; Publications"},"content":{"rendered":"<section class=\"l-section wpb_row us_custom_6e704393 height_medium\"><div class=\"l-section-h i-cf\"><div class=\"g-cols vc_row via_grid cols_2-1 laptops-cols_inherit tablets-cols_inherit mobiles-cols_1 valign_top type_default stacking_default\"><div class=\"wpb_column vc_column_container\"><div class=\"vc_column-inner\"><div class=\"wpb_text_column\"><div class=\"wpb_wrapper\"><h2 style=\"color: #003366;\">How to Achieve Agility in the Public Sector<\/h2>\n<p>Published in Springer Link, 2026<\/p>\n<p>Edited by Yvonne Hegele &amp; Aline Stoll<\/p>\n<p>Discover in-depth insights and practical case studies on the application of agile methods in public administration. Our new anthology bridges the gap between the latest academic research and real-world practical knowledge. The book is aimed at managers, specialists and researchers who wish to shape public organisations in a modern and future-proof way.<\/p>\n<p>Best of all: as an open-access publication, you have immediate and completely free access to the entire work.<\/p>\n<\/div><\/div><\/div><\/div><div class=\"wpb_column vc_column_container\"><div class=\"vc_column-inner\"><div class=\"w-image align_none\"><a href=\"https:\/\/link.springer.com\/book\/10.1007\/978-3-658-48296-1\" aria-label=\"Beschreibt und verdichtet den aktuellen Forschungsstand zum Thema Agilit\u00e4t in der \u00f6ffentlichen Verwaltung\" class=\"w-image-h\"><img decoding=\"async\" width=\"827\" height=\"1173\" src=\"https:\/\/www.svolta.ch\/wp-content\/uploads\/2026\/03\/978-3-658-48296-1.webp\" class=\"attachment-full size-full\" alt=\"Agiles Arbeiten im \u00f6ffentlichen Sektor\" loading=\"lazy\" srcset=\"https:\/\/www.svolta.ch\/wp-content\/uploads\/2026\/03\/978-3-658-48296-1.webp 827w, https:\/\/www.svolta.ch\/wp-content\/uploads\/2026\/03\/978-3-658-48296-1-212x300.webp 212w, https:\/\/www.svolta.ch\/wp-content\/uploads\/2026\/03\/978-3-658-48296-1-722x1024.webp 722w\" sizes=\"auto, (max-width: 827px) 100vw, 827px\" \/><\/a><\/div><div class=\"w-btn-wrapper align_none\"><a class=\"w-btn us-btn-style_1\" href=\"https:\/\/link.springer.com\/book\/10.1007\/978-3-658-48296-1\"><span class=\"w-btn-label\">Go to the open access book on Springer Link<\/span><\/a><\/div><\/div><\/div><\/div><\/div><\/section><section class=\"l-section wpb_row height_medium\"><div class=\"l-section-h i-cf\"><div class=\"g-cols vc_row via_grid cols_1 laptops-cols_inherit tablets-cols_inherit mobiles-cols_1 valign_top type_default stacking_default\"><div class=\"wpb_column vc_column_container\"><div class=\"vc_column-inner\"><div class=\"wpb_text_column\"><div class=\"wpb_wrapper\"><h3 data-path-to-node=\"4\"><b data-path-to-node=\"4\" data-index-in-node=\"0\">What drives the adoption of agile government? Insights from Austria, Germany, and Switzerland<\/b><\/h3>\n<p data-path-to-node=\"5\"><i data-path-to-node=\"5\" data-index-in-node=\"0\">Information Polity, Vol. 29 (2), 2024 (Yvonne Hegele &amp; Aline Stoll)<\/i><\/p>\n<p data-path-to-node=\"6\"><b data-path-to-node=\"6\" data-index-in-node=\"0\">Die Herausforderung:<\/b> Die \u00f6ffentliche Verwaltung in der DACH-Region (Schweiz, Deutschland, \u00d6sterreich) ist traditionell von starken Hierarchien und strengen rechtlichen Vorgaben gepr\u00e4gt. Viele Beh\u00f6rden stehen vor der Frage: Wie k\u00f6nnen wir unter diesen starren Bedingungen \u00fcberhaupt moderne, agile Methoden einf\u00fchren, ohne an der B\u00fcrokratie zu scheitern?<\/p>\n<p data-path-to-node=\"7\"><b data-path-to-node=\"7\" data-index-in-node=\"0\">Unser L\u00f6sungsansatz f\u00fcr Ihre Beh\u00f6rde:<\/b> In dieser empirischen Studie haben wir analysiert, welche Faktoren die Einf\u00fchrung von &#8220;Agile Government&#8221; in der Praxis wirklich vorantreiben. Wir zeigen konkret auf, wo die gr\u00f6\u00dften H\u00fcrden f\u00fcr Schweizer Verwaltungen liegen und mit welchen Hebeln Sie diese \u00fcberwinden k\u00f6nnen. Diese evidenzbasierten Insights nutzen wir bei <b data-path-to-node=\"7\" data-index-in-node=\"359\">Svolta<\/b> t\u00e4glich, um Ihre digitale und kulturelle Transformation nicht auf Basis von Bauchgef\u00fchl, sondern auf harten Daten messbar und sicher zu gestalten.<\/p>\n<\/div><\/div><div class=\"w-btn-wrapper align_none\"><a class=\"w-btn us-btn-style_1\" href=\"https:\/\/journals.sagepub.com\/doi\/abs\/10.3233\/IP-230055\"><span class=\"w-btn-label\">Go to the publication<\/span><\/a><\/div><\/div><\/div><\/div><\/div><\/section>\n","protected":false},"excerpt":{"rendered":"How to Achieve Agility in the Public Sector Published in Springer Link, 2026 Edited by Yvonne Hegele &amp; Aline Stoll Discover in-depth insights and practical case studies on the application of agile methods in public administration. Our new anthology bridges the gap between the latest academic research and real-world practical knowledge. The book is aimed...","protected":false},"author":2,"featured_media":0,"parent":0,"menu_order":0,"comment_status":"closed","ping_status":"closed","template":"","meta":{"footnotes":""},"class_list":["post-4734","page","type-page","status-publish","hentry"],"yoast_head":"<!-- This site is optimized with the Yoast SEO plugin v27.3 - https:\/\/yoast.com\/product\/yoast-seo-wordpress\/ -->\n<title>Publikation: Digitaler Kulturwandel in der Verwaltung | svolta<\/title>\n<meta name=\"description\" content=\"Springer-Publikation zum digitalen Kulturwandel in der \u00f6ffentlichen Verwaltung. Wissenschaftliche Expertise f\u00fcr Ihr Change Management\" \/>\n<meta name=\"robots\" content=\"index, follow, max-snippet:-1, max-image-preview:large, max-video-preview:-1\" \/>\n<link rel=\"canonical\" href=\"https:\/\/www.svolta.ch\/en\/expertise-publikationen\/\" \/>\n<meta property=\"og:locale\" content=\"en_US\" \/>\n<meta property=\"og:type\" content=\"article\" \/>\n<meta property=\"og:title\" content=\"Publikation: Digitaler Kulturwandel in der Verwaltung | svolta\" \/>\n<meta property=\"og:description\" content=\"Springer-Publikation zum digitalen Kulturwandel in der \u00f6ffentlichen Verwaltung. Wissenschaftliche Expertise f\u00fcr Ihr Change Management\" \/>\n<meta property=\"og:url\" content=\"https:\/\/www.svolta.ch\/en\/expertise-publikationen\/\" \/>\n<meta property=\"og:site_name\" content=\"Svolta\" \/>\n<meta property=\"article:modified_time\" content=\"2026-04-01T16:36:45+00:00\" \/>\n<meta name=\"twitter:card\" content=\"summary_large_image\" \/>\n<meta name=\"twitter:label1\" content=\"Est. reading time\" \/>\n\t<meta name=\"twitter:data1\" content=\"2 minutes\" \/>\n<script type=\"application\/ld+json\" class=\"yoast-schema-graph\">{\"@context\":\"https:\\\/\\\/schema.org\",\"@graph\":[{\"@type\":\"WebPage\",\"@id\":\"https:\\\/\\\/www.svolta.ch\\\/en\\\/expertise-publikationen\\\/\",\"url\":\"https:\\\/\\\/www.svolta.ch\\\/en\\\/expertise-publikationen\\\/\",\"name\":\"Publikation: Digitaler Kulturwandel in der Verwaltung | svolta\",\"isPartOf\":{\"@id\":\"https:\\\/\\\/www.svolta.ch\\\/en\\\/#website\"},\"datePublished\":\"2026-03-31T10:12:01+00:00\",\"dateModified\":\"2026-04-01T16:36:45+00:00\",\"description\":\"Springer-Publikation zum digitalen Kulturwandel in der \u00f6ffentlichen Verwaltung. Wissenschaftliche Expertise f\u00fcr Ihr Change Management\",\"breadcrumb\":{\"@id\":\"https:\\\/\\\/www.svolta.ch\\\/en\\\/expertise-publikationen\\\/#breadcrumb\"},\"inLanguage\":\"en-US\",\"potentialAction\":[{\"@type\":\"ReadAction\",\"target\":[\"https:\\\/\\\/www.svolta.ch\\\/en\\\/expertise-publikationen\\\/\"]}]},{\"@type\":\"BreadcrumbList\",\"@id\":\"https:\\\/\\\/www.svolta.ch\\\/en\\\/expertise-publikationen\\\/#breadcrumb\",\"itemListElement\":[{\"@type\":\"ListItem\",\"position\":1,\"name\":\"Startseite\",\"item\":\"https:\\\/\\\/www.svolta.ch\\\/en\\\/\"},{\"@type\":\"ListItem\",\"position\":2,\"name\":\"Expertise &#038; Publications\"}]},{\"@type\":\"WebSite\",\"@id\":\"https:\\\/\\\/www.svolta.ch\\\/en\\\/#website\",\"url\":\"https:\\\/\\\/www.svolta.ch\\\/en\\\/\",\"name\":\"Svolta\",\"description\":\"Your Partner in Turning Point\",\"publisher\":{\"@id\":\"https:\\\/\\\/www.svolta.ch\\\/en\\\/#organization\"},\"potentialAction\":[{\"@type\":\"SearchAction\",\"target\":{\"@type\":\"EntryPoint\",\"urlTemplate\":\"https:\\\/\\\/www.svolta.ch\\\/en\\\/?s={search_term_string}\"},\"query-input\":{\"@type\":\"PropertyValueSpecification\",\"valueRequired\":true,\"valueName\":\"search_term_string\"}}],\"inLanguage\":\"en-US\"},{\"@type\":\"Organization\",\"@id\":\"https:\\\/\\\/www.svolta.ch\\\/en\\\/#organization\",\"name\":\"Svolta\",\"url\":\"https:\\\/\\\/www.svolta.ch\\\/en\\\/\",\"logo\":{\"@type\":\"ImageObject\",\"inLanguage\":\"en-US\",\"@id\":\"https:\\\/\\\/www.svolta.ch\\\/en\\\/#\\\/schema\\\/logo\\\/image\\\/\",\"url\":\"https:\\\/\\\/www.svolta.ch\\\/wp-content\\\/uploads\\\/2024\\\/05\\\/logo-1.png\",\"contentUrl\":\"https:\\\/\\\/www.svolta.ch\\\/wp-content\\\/uploads\\\/2024\\\/05\\\/logo-1.png\",\"width\":1070,\"height\":294,\"caption\":\"Svolta\"},\"image\":{\"@id\":\"https:\\\/\\\/www.svolta.ch\\\/en\\\/#\\\/schema\\\/logo\\\/image\\\/\"},\"sameAs\":[\"https:\\\/\\\/www.linkedin.com\\\/in\\\/alinestoll\\\/?originalSubdomain=ch&success=true\"]}]}<\/script>\n<!-- \/ Yoast SEO plugin. -->","yoast_head_json":{"title":"Publikation: Digitaler Kulturwandel in der Verwaltung | svolta","description":"Springer-Publikation zum digitalen Kulturwandel in der \u00f6ffentlichen Verwaltung. Wissenschaftliche Expertise f\u00fcr Ihr Change Management","robots":{"index":"index","follow":"follow","max-snippet":"max-snippet:-1","max-image-preview":"max-image-preview:large","max-video-preview":"max-video-preview:-1"},"canonical":"https:\/\/www.svolta.ch\/en\/expertise-publikationen\/","og_locale":"en_US","og_type":"article","og_title":"Publikation: Digitaler Kulturwandel in der Verwaltung | svolta","og_description":"Springer-Publikation zum digitalen Kulturwandel in der \u00f6ffentlichen Verwaltung. Wissenschaftliche Expertise f\u00fcr Ihr Change Management","og_url":"https:\/\/www.svolta.ch\/en\/expertise-publikationen\/","og_site_name":"Svolta","article_modified_time":"2026-04-01T16:36:45+00:00","twitter_card":"summary_large_image","twitter_misc":{"Est. reading time":"2 minutes"},"schema":{"@context":"https:\/\/schema.org","@graph":[{"@type":"WebPage","@id":"https:\/\/www.svolta.ch\/en\/expertise-publikationen\/","url":"https:\/\/www.svolta.ch\/en\/expertise-publikationen\/","name":"Publikation: Digitaler Kulturwandel in der Verwaltung | svolta","isPartOf":{"@id":"https:\/\/www.svolta.ch\/en\/#website"},"datePublished":"2026-03-31T10:12:01+00:00","dateModified":"2026-04-01T16:36:45+00:00","description":"Springer-Publikation zum digitalen Kulturwandel in der \u00f6ffentlichen Verwaltung. Wissenschaftliche Expertise f\u00fcr Ihr Change Management","breadcrumb":{"@id":"https:\/\/www.svolta.ch\/en\/expertise-publikationen\/#breadcrumb"},"inLanguage":"en-US","potentialAction":[{"@type":"ReadAction","target":["https:\/\/www.svolta.ch\/en\/expertise-publikationen\/"]}]},{"@type":"BreadcrumbList","@id":"https:\/\/www.svolta.ch\/en\/expertise-publikationen\/#breadcrumb","itemListElement":[{"@type":"ListItem","position":1,"name":"Startseite","item":"https:\/\/www.svolta.ch\/en\/"},{"@type":"ListItem","position":2,"name":"Expertise &#038; Publications"}]},{"@type":"WebSite","@id":"https:\/\/www.svolta.ch\/en\/#website","url":"https:\/\/www.svolta.ch\/en\/","name":"Svolta","description":"Your Partner in Turning Point","publisher":{"@id":"https:\/\/www.svolta.ch\/en\/#organization"},"potentialAction":[{"@type":"SearchAction","target":{"@type":"EntryPoint","urlTemplate":"https:\/\/www.svolta.ch\/en\/?s={search_term_string}"},"query-input":{"@type":"PropertyValueSpecification","valueRequired":true,"valueName":"search_term_string"}}],"inLanguage":"en-US"},{"@type":"Organization","@id":"https:\/\/www.svolta.ch\/en\/#organization","name":"Svolta","url":"https:\/\/www.svolta.ch\/en\/","logo":{"@type":"ImageObject","inLanguage":"en-US","@id":"https:\/\/www.svolta.ch\/en\/#\/schema\/logo\/image\/","url":"https:\/\/www.svolta.ch\/wp-content\/uploads\/2024\/05\/logo-1.png","contentUrl":"https:\/\/www.svolta.ch\/wp-content\/uploads\/2024\/05\/logo-1.png","width":1070,"height":294,"caption":"Svolta"},"image":{"@id":"https:\/\/www.svolta.ch\/en\/#\/schema\/logo\/image\/"},"sameAs":["https:\/\/www.linkedin.com\/in\/alinestoll\/?originalSubdomain=ch&success=true"]}]}},"_links":{"self":[{"href":"https:\/\/www.svolta.ch\/en\/wp-json\/wp\/v2\/pages\/4734","targetHints":{"allow":["GET"]}}],"collection":[{"href":"https:\/\/www.svolta.ch\/en\/wp-json\/wp\/v2\/pages"}],"about":[{"href":"https:\/\/www.svolta.ch\/en\/wp-json\/wp\/v2\/types\/page"}],"author":[{"embeddable":true,"href":"https:\/\/www.svolta.ch\/en\/wp-json\/wp\/v2\/users\/2"}],"replies":[{"embeddable":true,"href":"https:\/\/www.svolta.ch\/en\/wp-json\/wp\/v2\/comments?post=4734"}],"version-history":[{"count":8,"href":"https:\/\/www.svolta.ch\/en\/wp-json\/wp\/v2\/pages\/4734\/revisions"}],"predecessor-version":[{"id":4791,"href":"https:\/\/www.svolta.ch\/en\/wp-json\/wp\/v2\/pages\/4734\/revisions\/4791"}],"wp:attachment":[{"href":"https:\/\/www.svolta.ch\/en\/wp-json\/wp\/v2\/media?parent=4734"}],"curies":[{"name":"wp","href":"https:\/\/api.w.org\/{rel}","templated":true}]}}